{"id":2267,"date":"2023-06-28T19:51:59","date_gmt":"2023-06-28T22:51:59","guid":{"rendered":"https:\/\/nomerkado.com.br\/?page_id=2267"},"modified":"2023-10-23T11:42:17","modified_gmt":"2023-10-23T14:42:17","slug":"elementor-2267","status":"publish","type":"page","link":"https:\/\/nomerkado.com.br\/?page_id=2267","title":{"rendered":"Fundadores"},"content":{"rendered":"\t\t<div data-elementor-type=\"wp-page\" data-elementor-id=\"2267\" class=\"elementor elementor-2267\">\n\t\t\t\t\t\t<section class=\"elementor-section elementor-top-section elementor-element elementor-element-041e1ef elementor-section-content-middle she-header-yes elementor-hidden-mobile elementor-section-boxed elementor-section-height-default elementor-section-height-default\" data-id=\"041e1ef\" data-element_type=\"section\" data-settings=\"{&quot;transparent&quot;:&quot;yes&quot;,&quot;scroll_distance&quot;:{&quot;unit&quot;:&quot;px&quot;,&quot;size&quot;:54,&quot;sizes&quot;:[]},&quot;scroll_distance_mobile&quot;:{&quot;unit&quot;:&quot;px&quot;,&quot;size&quot;:0,&quot;sizes&quot;:[]},&quot;background_show&quot;:&quot;yes&quot;,&quot;background&quot;:&quot;#FFFFFF&quot;,&quot;transparent_on&quot;:[&quot;desktop&quot;,&quot;tablet&quot;,&quot;mobile&quot;],&quot;scroll_distance_tablet&quot;:{&quot;unit&quot;:&quot;px&quot;,&quot;size&quot;:&quot;&quot;,&quot;sizes&quot;:[]},&quot;she_offset_top&quot;:{&quot;unit&quot;:&quot;px&quot;,&quot;size&quot;:0,&quot;sizes&quot;:[]},&quot;she_offset_top_tablet&quot;:{&quot;unit&quot;:&quot;px&quot;,&quot;size&quot;:&quot;&quot;,&quot;sizes&quot;:[]},&quot;she_offset_top_mobile&quot;:{&quot;unit&quot;:&quot;px&quot;,&quot;size&quot;:&quot;&quot;,&quot;sizes&quot;:[]},&quot;she_width&quot;:{&quot;unit&quot;:&quot;%&quot;,&quot;size&quot;:100,&quot;sizes&quot;:[]},&quot;she_width_tablet&quot;:{&quot;unit&quot;:&quot;px&quot;,&quot;size&quot;:&quot;&quot;,&quot;sizes&quot;:[]},&quot;she_width_mobile&quot;:{&quot;unit&quot;:&quot;px&quot;,&quot;size&quot;:&quot;&quot;,&quot;sizes&quot;:[]},&quot;she_padding&quot;:{&quot;unit&quot;:&quot;px&quot;,&quot;top&quot;:0,&quot;right&quot;:&quot;&quot;,&quot;bottom&quot;:0,&quot;left&quot;:&quot;&quot;,&quot;isLinked&quot;:true},&quot;she_padding_tablet&quot;:{&quot;unit&quot;:&quot;px&quot;,&quot;top&quot;:&quot;&quot;,&quot;right&quot;:&quot;&quot;,&quot;bottom&quot;:&quot;&quot;,&quot;left&quot;:&quot;&quot;,&quot;isLinked&quot;:true},&quot;she_padding_mobile&quot;:{&quot;unit&quot;:&quot;px&quot;,&quot;top&quot;:&quot;&quot;,&quot;right&quot;:&quot;&quot;,&quot;bottom&quot;:&quot;&quot;,&quot;left&quot;:&quot;&quot;,&quot;isLinked&quot;:true}}\">\n\t\t\t\t\t\t<div class=\"elementor-container elementor-column-gap-default\">\n\t\t\t\t\t<div class=\"elementor-column elementor-col-100 elementor-top-column elementor-element elementor-element-7b5c0a3\" data-id=\"7b5c0a3\" data-element_type=\"column\">\n\t\t\t<div class=\"elementor-widget-wrap elementor-element-populated\">\n\t\t\t\t\t\t<div class=\"elementor-element elementor-element-eeea93e elementor-widget__width-auto elementor-widget elementor-widget-image\" data-id=\"eeea93e\" data-element_type=\"widget\" data-widget_type=\"image.default\">\n\t\t\t\t<div class=\"elementor-widget-container\">\n\t\t\t\t\t\t\t\t\t\t\t\t\t\t\t\t<a href=\"https:\/\/nomerkado.com.br\/\">\n\t\t\t\t\t\t\t<img decoding=\"async\" width=\"300\" height=\"70\" src=\"https:\/\/nomerkado.com.br\/wp-content\/uploads\/2021\/05\/cropped-logo_semfundo-300x70.png\" class=\"attachment-medium size-medium wp-image-25\" alt=\"\" srcset=\"https:\/\/nomerkado.com.br\/wp-content\/uploads\/2021\/05\/cropped-logo_semfundo-300x70.png 300w, https:\/\/nomerkado.com.br\/wp-content\/uploads\/2021\/05\/cropped-logo_semfundo.png 548w\" sizes=\"(max-width: 300px) 100vw, 300px\" \/>\t\t\t\t\t\t\t\t<\/a>\n\t\t\t\t\t\t\t\t\t\t\t\t\t\t\t<\/div>\n\t\t\t\t<\/div>\n\t\t\t\t<div class=\"elementor-element elementor-element-cf443eb elementor-align-center elementor-widget__width-auto elementor-widget elementor-widget-button\" data-id=\"cf443eb\" data-element_type=\"widget\" data-settings=\"{&quot;_animation&quot;:&quot;none&quot;}\" data-widget_type=\"button.default\">\n\t\t\t\t<div class=\"elementor-widget-container\">\n\t\t\t\t\t\t\t\t\t<div class=\"elementor-button-wrapper\">\n\t\t\t\t\t<a class=\"elementor-button elementor-button-link elementor-size-xl elementor-animation-grow\" href=\"https:\/\/nomerkado.com.br\/?page_id=122\">\n\t\t\t\t\t\t<span class=\"elementor-button-content-wrapper\">\n\t\t\t\t\t\t\t\t\t<span class=\"elementor-button-text\">Sobre n\u00f3s<\/span>\n\t\t\t\t\t<\/span>\n\t\t\t\t\t<\/a>\n\t\t\t\t<\/div>\n\t\t\t\t\t\t\t\t<\/div>\n\t\t\t\t<\/div>\n\t\t\t\t<div class=\"elementor-element elementor-element-07cc124 elementor-align-center elementor-widget__width-auto elementor-widget elementor-widget-button\" data-id=\"07cc124\" data-element_type=\"widget\" data-settings=\"{&quot;_animation&quot;:&quot;none&quot;}\" data-widget_type=\"button.default\">\n\t\t\t\t<div class=\"elementor-widget-container\">\n\t\t\t\t\t\t\t\t\t<div class=\"elementor-button-wrapper\">\n\t\t\t\t\t<a class=\"elementor-button elementor-button-link elementor-size-xl elementor-animation-grow\" href=\"https:\/\/nomerkado.com.br\/?page_id=181\">\n\t\t\t\t\t\t<span class=\"elementor-button-content-wrapper\">\n\t\t\t\t\t\t\t\t\t<span class=\"elementor-button-text\">Como usar<\/span>\n\t\t\t\t\t<\/span>\n\t\t\t\t\t<\/a>\n\t\t\t\t<\/div>\n\t\t\t\t\t\t\t\t<\/div>\n\t\t\t\t<\/div>\n\t\t\t\t<div class=\"elementor-element elementor-element-1003e7b elementor-align-center elementor-widget__width-auto elementor-widget elementor-widget-button\" data-id=\"1003e7b\" data-element_type=\"widget\" data-settings=\"{&quot;_animation&quot;:&quot;none&quot;}\" data-widget_type=\"button.default\">\n\t\t\t\t<div class=\"elementor-widget-container\">\n\t\t\t\t\t\t\t\t\t<div class=\"elementor-button-wrapper\">\n\t\t\t\t\t<a class=\"elementor-button elementor-button-link elementor-size-xl elementor-animation-grow\" href=\"https:\/\/nomerkado.com.br\/?page_id=148\">\n\t\t\t\t\t\t<span class=\"elementor-button-content-wrapper\">\n\t\t\t\t\t\t\t\t\t<span class=\"elementor-button-text\">Quero no meu<br>condom\u00ednio<\/span>\n\t\t\t\t\t<\/span>\n\t\t\t\t\t<\/a>\n\t\t\t\t<\/div>\n\t\t\t\t\t\t\t\t<\/div>\n\t\t\t\t<\/div>\n\t\t\t\t<div class=\"elementor-element elementor-element-dc2ec59 elementor-align-center elementor-widget__width-auto elementor-widget elementor-widget-button\" data-id=\"dc2ec59\" data-element_type=\"widget\" data-settings=\"{&quot;_animation&quot;:&quot;none&quot;}\" data-widget_type=\"button.default\">\n\t\t\t\t<div class=\"elementor-widget-container\">\n\t\t\t\t\t\t\t\t\t<div class=\"elementor-button-wrapper\">\n\t\t\t\t\t<a class=\"elementor-button elementor-button-link elementor-size-xl elementor-animation-grow\" href=\"https:\/\/nomerkado.com.br\/?page_id=151\">\n\t\t\t\t\t\t<span class=\"elementor-button-content-wrapper\">\n\t\t\t\t\t\t\t\t\t<span class=\"elementor-button-text\">Quero ser<br>franqueado<\/span>\n\t\t\t\t\t<\/span>\n\t\t\t\t\t<\/a>\n\t\t\t\t<\/div>\n\t\t\t\t\t\t\t\t<\/div>\n\t\t\t\t<\/div>\n\t\t\t\t<div class=\"elementor-element elementor-element-3b7bc9e elementor-align-center elementor-widget__width-auto elementor-widget elementor-widget-button\" data-id=\"3b7bc9e\" data-element_type=\"widget\" data-settings=\"{&quot;_animation&quot;:&quot;none&quot;}\" data-widget_type=\"button.default\">\n\t\t\t\t<div class=\"elementor-widget-container\">\n\t\t\t\t\t\t\t\t\t<div class=\"elementor-button-wrapper\">\n\t\t\t\t\t<a class=\"elementor-button elementor-button-link elementor-size-xl elementor-animation-grow\" href=\"https:\/\/nomerkado.com.br\/?page_id=154\">\n\t\t\t\t\t\t<span class=\"elementor-button-content-wrapper\">\n\t\t\t\t\t\t\t\t\t<span class=\"elementor-button-text\">Contato<\/span>\n\t\t\t\t\t<\/span>\n\t\t\t\t\t<\/a>\n\t\t\t\t<\/div>\n\t\t\t\t\t\t\t\t<\/div>\n\t\t\t\t<\/div>\n\t\t\t\t\t<\/div>\n\t\t<\/div>\n\t\t\t\t\t<\/div>\n\t\t<\/section>\n\t\t\t\t<section class=\"elementor-section elementor-top-section elementor-element elementor-element-e32f7ca elementor-section-boxed elementor-section-height-default elementor-section-height-default\" data-id=\"e32f7ca\" data-element_type=\"section\">\n\t\t\t\t\t\t<div class=\"elementor-container elementor-column-gap-default\">\n\t\t\t\t\t<div class=\"elementor-column elementor-col-100 elementor-top-column elementor-element elementor-element-5197c0c\" data-id=\"5197c0c\" data-element_type=\"column\">\n\t\t\t<div class=\"elementor-widget-wrap elementor-element-populated\">\n\t\t\t\t\t\t<div class=\"elementor-element elementor-element-da5d5ef elementor-widget__width-initial elementor-position-top elementor-widget elementor-widget-image-box\" data-id=\"da5d5ef\" data-element_type=\"widget\" data-widget_type=\"image-box.default\">\n\t\t\t\t<div class=\"elementor-widget-container\">\n\t\t\t\t\t<div class=\"elementor-image-box-wrapper\"><figure class=\"elementor-image-box-img\"><img fetchpriority=\"high\" decoding=\"async\" width=\"817\" height=\"742\" src=\"https:\/\/nomerkado.com.br\/wp-content\/uploads\/2023\/05\/39-DSC_1032-1.png\" class=\"attachment-full size-full wp-image-706\" alt=\"\" srcset=\"https:\/\/nomerkado.com.br\/wp-content\/uploads\/2023\/05\/39-DSC_1032-1.png 817w, https:\/\/nomerkado.com.br\/wp-content\/uploads\/2023\/05\/39-DSC_1032-1-300x272.png 300w, https:\/\/nomerkado.com.br\/wp-content\/uploads\/2023\/05\/39-DSC_1032-1-768x697.png 768w\" sizes=\"(max-width: 817px) 100vw, 817px\" \/><\/figure><div class=\"elementor-image-box-content\"><h1 class=\"elementor-image-box-title\">Fundadores<\/h1><p class=\"elementor-image-box-description\">Debora \u00e9 filha de m\u00e3e solteira que teve que lutar muito para criar sua irm\u00e3 e ela. Desde a inf\u00e2ncia, elas passaram por muitas dificuldades e priva\u00e7\u00f5es, mas isso n\u00e3o desanimou Debora de estudar e buscar um futuro melhor.<br><br>Aos 17 anos, come\u00e7ou a trabalhar na empresa da sua tia e p\u00f4de iniciar a faculdade de administra\u00e7\u00e3o. Depois de se formar, trabalhou em outras empresas, aproveitou cada oportunidade de aprendizado, mas sempre que podia se desafiava pra alcan\u00e7ar patamares de melhoria salarial e mais conhecimentos. Seu maior sonho profissional era ser uma gestora de uma grande empresa.<br><br>Foi ent\u00e3o que decidiu participar de um processo de sele\u00e7\u00e3o para trainee de um grupo empresarial do Piau\u00ed. Apesar do sal\u00e1rio inicial ser bem menor do que ganhava na \u00e9poca, ela sabia que a oportunidade de crescimento e aprendizado valia a pena.<br><br>No programa de trainee, aprendeu muito e desenvolveu v\u00e1rias habilidades de lideran\u00e7a. Ela conseguiu chegar ao desafio de ser gestora de equipe, coordenando o setor de departamento pessoal respons\u00e1vel por mais de 1000 funcion\u00e1rios. Esse per\u00edodo foi essencial para seu desenvolvimento pessoal e profissional e foi um grande na conquista de seus sonhos.<br><br>Em 2020, ap\u00f3s novamente se desafiar a procurar um novo degrau para subir, com o apoio do seu marido, come\u00e7ou a pensar em diversas oportunidades de neg\u00f3cio. Eles come\u00e7aram a empreender com uma franquia da Stone na cidade de Picos e tamb\u00e9m com uma empresa de consultoria. Essas experi\u00eancias os abriram a cabe\u00e7a para uma s\u00e9rie de oportunidades de mercado. O desejo de empreender s\u00f3 aumentou e o sonho de criar um neg\u00f3cio com a sua cara e implantando toda a gest\u00e3o em que acreditava foi ganhando for\u00e7a.<br><br>Foi a\u00ed que surgiu a ideia do NoMerkado, uma rede de minimercados aut\u00f4nomos para condom\u00ednios. Juntos realizaram todo o planejamento estrat\u00e9gico e viram que o maior desafio era a falta de recursos financeiros. Mas com os limites de todos os cart\u00f5es de cr\u00e9dito, alguns empr\u00e9stimos banc\u00e1rios e muita coragem, o projeto saiu do papel e foi ganhando espa\u00e7o a cada dia.<br><br>Hoje, o NoMerkado conta com mais de 40 lojas e uma equipe com mais de 20 colaboradores para atender mais de 25.000 clientes.<\/p><\/div><\/div>\t\t\t\t<\/div>\n\t\t\t\t<\/div>\n\t\t\t\t\t<\/div>\n\t\t<\/div>\n\t\t\t\t\t<\/div>\n\t\t<\/section>\n\t\t\t\t<section class=\"elementor-section elementor-top-section elementor-element elementor-element-f4a3adb elementor-section-content-middle elementor-section-boxed elementor-section-height-default elementor-section-height-default\" data-id=\"f4a3adb\" data-element_type=\"section\" data-settings=\"{&quot;background_background&quot;:&quot;classic&quot;}\">\n\t\t\t\t\t\t<div class=\"elementor-container elementor-column-gap-default\">\n\t\t\t\t\t<div class=\"elementor-column elementor-col-50 elementor-top-column elementor-element elementor-element-d91c5af\" data-id=\"d91c5af\" data-element_type=\"column\">\n\t\t\t<div class=\"elementor-widget-wrap elementor-element-populated\">\n\t\t\t\t\t\t<div class=\"elementor-element elementor-element-14f45e7 elementor-widget__width-inherit elementor-widget elementor-widget-heading\" data-id=\"14f45e7\" data-element_type=\"widget\" data-widget_type=\"heading.default\">\n\t\t\t\t<div class=\"elementor-widget-container\">\n\t\t\t\t\t<h2 class=\"elementor-heading-title elementor-size-large\">NOMERKADO CONVENIENCIA LTDA   CNPJ 43.110.958\/0001-48 <br><br>www.nomerkado.com.br \/ contato@nomerkado.com.br \/ fone: (86) 99428-5704<\/h2>\t\t\t\t<\/div>\n\t\t\t\t<\/div>\n\t\t\t\t\t<\/div>\n\t\t<\/div>\n\t\t\t\t<div class=\"elementor-column elementor-col-50 elementor-top-column elementor-element elementor-element-6341bf5\" data-id=\"6341bf5\" data-element_type=\"column\">\n\t\t\t<div class=\"elementor-widget-wrap elementor-element-populated\">\n\t\t\t\t\t\t<div class=\"elementor-element elementor-element-348df48 elementor-widget__width-inherit elementor-widget elementor-widget-heading\" data-id=\"348df48\" data-element_type=\"widget\" data-widget_type=\"heading.default\">\n\t\t\t\t<div class=\"elementor-widget-container\">\n\t\t\t\t\t<h2 class=\"elementor-heading-title elementor-size-large\"><a href=\"https:\/\/api.whatsapp.com\/send\/?phone=%2B5586981767825&#038;text&#038;type=phone_number&#038;app_absent=0\" target=\"_blank\">DESEMVOLVEDOR<br><br>FC INFORMATIC<\/a><\/h2>\t\t\t\t<\/div>\n\t\t\t\t<\/div>\n\t\t\t\t\t<\/div>\n\t\t<\/div>\n\t\t\t\t\t<\/div>\n\t\t<\/section>\n\t\t\t\t<\/div>\n\t\t","protected":false},"excerpt":{"rendered":"<p>Sobre n\u00f3s Como usar Quero no meucondom\u00ednio Quero serfranqueado Contato Fundadores Debora \u00e9 filha de m\u00e3e solteira que teve que lutar muito para criar sua irm\u00e3 e ela. Desde a inf\u00e2ncia, elas passaram por muitas dificuldades e priva\u00e7\u00f5es, mas isso n\u00e3o desanimou Debora de estudar e buscar um futuro melhor. Aos 17 anos, come\u00e7ou a [&hellip;]<\/p>\n","protected":false},"author":2,"featured_media":0,"parent":0,"menu_order":7,"comment_status":"closed","ping_status":"closed","template":"elementor_canvas","meta":{"footnotes":""},"_links":{"self":[{"href":"https:\/\/nomerkado.com.br\/index.php?rest_route=\/wp\/v2\/pages\/2267"}],"collection":[{"href":"https:\/\/nomerkado.com.br\/index.php?rest_route=\/wp\/v2\/pages"}],"about":[{"href":"https:\/\/nomerkado.com.br\/index.php?rest_route=\/wp\/v2\/types\/page"}],"author":[{"embeddable":true,"href":"https:\/\/nomerkado.com.br\/index.php?rest_route=\/wp\/v2\/users\/2"}],"replies":[{"embeddable":true,"href":"https:\/\/nomerkado.com.br\/index.php?rest_route=%2Fwp%2Fv2%2Fcomments&post=2267"}],"version-history":[{"count":54,"href":"https:\/\/nomerkado.com.br\/index.php?rest_route=\/wp\/v2\/pages\/2267\/revisions"}],"predecessor-version":[{"id":2933,"href":"https:\/\/nomerkado.com.br\/index.php?rest_route=\/wp\/v2\/pages\/2267\/revisions\/2933"}],"wp:attachment":[{"href":"https:\/\/nomerkado.com.br\/index.php?rest_route=%2Fwp%2Fv2%2Fmedia&parent=2267"}],"curies":[{"name":"wp","href":"https:\/\/api.w.org\/{rel}","templated":true}]}}